{"id":1938,"date":"2024-11-26T11:46:45","date_gmt":"2024-11-26T10:46:45","guid":{"rendered":"https:\/\/associationavenirs.fr\/?page_id=1938"},"modified":"2026-03-19T23:55:35","modified_gmt":"2026-03-19T22:55:35","slug":"mars","status":"publish","type":"page","link":"https:\/\/associationavenirs.fr\/index.php\/mars\/","title":{"rendered":"Mars"},"content":{"rendered":"\t\t<div data-elementor-type=\"wp-page\" data-elementor-id=\"1938\" class=\"elementor elementor-1938\">\n\t\t\t\t<div class=\"elementor-element elementor-element-291a2679 e-flex e-con-boxed e-con e-parent\" data-id=\"291a2679\" data-element_type=\"container\" data-e-type=\"container\">\n\t\t\t\t\t<div class=\"e-con-inner\">\n\t\t<div class=\"elementor-element elementor-element-9db4851 e-con-full e-flex elementor-invisible e-con e-child\" data-id=\"9db4851\" data-element_type=\"container\" data-e-type=\"container\" data-settings=\"{&quot;animation&quot;:&quot;fadeInDown&quot;}\">\n\t\t\t\t<div class=\"elementor-element elementor-element-30dcb1ad elementor-widget elementor-widget-spacer\" data-id=\"30dcb1ad\" data-element_type=\"widget\" data-e-type=\"widget\" data-widget_type=\"spacer.default\">\n\t\t\t\t<div class=\"elementor-widget-container\">\n\t\t\t\t\t\t\t<div class=\"elementor-spacer\">\n\t\t\t<div class=\"elementor-spacer-inner\"><\/div>\n\t\t<\/div>\n\t\t\t\t\t\t<\/div>\n\t\t\t\t<\/div>\n\t\t\t\t<div class=\"elementor-element elementor-element-702867a3 elementor-widget elementor-widget-text-editor\" data-id=\"702867a3\" data-element_type=\"widget\" data-e-type=\"widget\" data-widget_type=\"text-editor.default\">\n\t\t\t\t<div class=\"elementor-widget-container\">\n\t\t\t\t\t\t\t\t\t<h4 style=\"text-align: center;\"><span style=\"color: #df0054;\">Sur rendez-vous aupr\u00e8s de l&rsquo;intervenant <\/span><\/h4><p style=\"text-align: center;\"><span style=\"color: #000000;\">Planification des ateliers, coordonn\u00e9es des prestataires, partenaires et b\u00e9n\u00e9voles.<\/span><\/p><p style=\"text-align: center;\"><span style=\"color: #000000;\">Pour prendre rendez-vous, veuillez les contacter par message, pr\u00e9f\u00e9rentiellement, et ils vous rappelleront ensuite.<\/span><\/p>\t\t\t\t\t\t\t\t<\/div>\n\t\t\t\t<\/div>\n\t\t\t\t<div class=\"elementor-element elementor-element-36ab107b elementor-widget elementor-widget-spacer\" data-id=\"36ab107b\" data-element_type=\"widget\" data-e-type=\"widget\" data-widget_type=\"spacer.default\">\n\t\t\t\t<div class=\"elementor-widget-container\">\n\t\t\t\t\t\t\t<div class=\"elementor-spacer\">\n\t\t\t<div class=\"elementor-spacer-inner\"><\/div>\n\t\t<\/div>\n\t\t\t\t\t\t<\/div>\n\t\t\t\t<\/div>\n\t\t\t\t<\/div>\n\t\t\t\t<div class=\"elementor-element elementor-element-77275b4a elementor-invisible elementor-widget elementor-widget-image-gallery\" data-id=\"77275b4a\" data-element_type=\"widget\" data-e-type=\"widget\" data-settings=\"{&quot;_animation&quot;:&quot;fadeInUp&quot;}\" data-widget_type=\"image-gallery.default\">\n\t\t\t\t<div class=\"elementor-widget-container\">\n\t\t\t\t\t\t\t<div class=\"elementor-image-gallery\">\n\t\t\t<div id='gallery-1' class='gallery galleryid-1938 gallery-columns-2 gallery-size-full'><figure class='gallery-item'>\n\t\t\t<div class='gallery-icon portrait'>\n\t\t\t\t<a data-elementor-open-lightbox=\"yes\" data-elementor-lightbox-slideshow=\"77275b4a\" data-elementor-lightbox-title=\"pause-cocooning-du-7-mars\" data-e-action-hash=\"#elementor-action%3Aaction%3Dlightbox%26settings%3DeyJpZCI6MjgyNCwidXJsIjoiaHR0cHM6XC9cL2Fzc29jaWF0aW9uYXZlbmlycy5mclwvd3AtY29udGVudFwvdXBsb2Fkc1wvMjAyNlwvMDFcL3BhdXNlLWNvY29vbmluZy1kdS03LW1hcnMuanBnIiwic2xpZGVzaG93IjoiNzcyNzViNGEifQ%3D%3D\" href='https:\/\/associationavenirs.fr\/wp-content\/uploads\/2026\/01\/pause-cocooning-du-7-mars.jpg'><img fetchpriority=\"high\" decoding=\"async\" width=\"1024\" height=\"1536\" src=\"https:\/\/associationavenirs.fr\/wp-content\/uploads\/2026\/01\/pause-cocooning-du-7-mars.jpg\" class=\"attachment-full size-full\" alt=\"\" srcset=\"https:\/\/associationavenirs.fr\/wp-content\/uploads\/2026\/01\/pause-cocooning-du-7-mars.jpg 1024w, https:\/\/associationavenirs.fr\/wp-content\/uploads\/2026\/01\/pause-cocooning-du-7-mars-200x300.jpg 200w, https:\/\/associationavenirs.fr\/wp-content\/uploads\/2026\/01\/pause-cocooning-du-7-mars-683x1024.jpg 683w, https:\/\/associationavenirs.fr\/wp-content\/uploads\/2026\/01\/pause-cocooning-du-7-mars-768x1152.jpg 768w\" sizes=\"(max-width: 1024px) 100vw, 1024px\" \/><\/a>\n\t\t\t<\/div><\/figure><figure class='gallery-item'>\n\t\t\t<div class='gallery-icon portrait'>\n\t\t\t\t<a data-elementor-open-lightbox=\"yes\" data-elementor-lightbox-slideshow=\"77275b4a\" data-elementor-lightbox-title=\"Avenirs-journ\u00e9e-du-19-mars-26\" data-e-action-hash=\"#elementor-action%3Aaction%3Dlightbox%26settings%3DeyJpZCI6MjgzNywidXJsIjoiaHR0cHM6XC9cL2Fzc29jaWF0aW9uYXZlbmlycy5mclwvd3AtY29udGVudFwvdXBsb2Fkc1wvMjAyNlwvMDFcL0F2ZW5pcnMtam91cm5lZS1kdS0xOS1tYXJzLTI2LmpwZyIsInNsaWRlc2hvdyI6Ijc3Mjc1YjRhIn0%3D\" href='https:\/\/associationavenirs.fr\/wp-content\/uploads\/2026\/01\/Avenirs-journee-du-19-mars-26.jpg'><img decoding=\"async\" width=\"1000\" height=\"1635\" src=\"https:\/\/associationavenirs.fr\/wp-content\/uploads\/2026\/01\/Avenirs-journee-du-19-mars-26.jpg\" class=\"attachment-full size-full\" alt=\"\" srcset=\"https:\/\/associationavenirs.fr\/wp-content\/uploads\/2026\/01\/Avenirs-journee-du-19-mars-26.jpg 1000w, https:\/\/associationavenirs.fr\/wp-content\/uploads\/2026\/01\/Avenirs-journee-du-19-mars-26-183x300.jpg 183w, https:\/\/associationavenirs.fr\/wp-content\/uploads\/2026\/01\/Avenirs-journee-du-19-mars-26-626x1024.jpg 626w, https:\/\/associationavenirs.fr\/wp-content\/uploads\/2026\/01\/Avenirs-journee-du-19-mars-26-768x1256.jpg 768w, https:\/\/associationavenirs.fr\/wp-content\/uploads\/2026\/01\/Avenirs-journee-du-19-mars-26-939x1536.jpg 939w\" sizes=\"(max-width: 1000px) 100vw, 1000px\" \/><\/a>\n\t\t\t<\/div><\/figure><figure class='gallery-item'>\n\t\t\t<div class='gallery-icon portrait'>\n\t\t\t\t<a data-elementor-open-lightbox=\"yes\" data-elementor-lightbox-slideshow=\"77275b4a\" data-elementor-lightbox-title=\"IMG_8851\" data-e-action-hash=\"#elementor-action%3Aaction%3Dlightbox%26settings%3DeyJpZCI6Mjc4NCwidXJsIjoiaHR0cHM6XC9cL2Fzc29jaWF0aW9uYXZlbmlycy5mclwvd3AtY29udGVudFwvdXBsb2Fkc1wvMjAyNVwvMTJcL0lNR184ODUxLmpwZyIsInNsaWRlc2hvdyI6Ijc3Mjc1YjRhIn0%3D\" href='https:\/\/associationavenirs.fr\/wp-content\/uploads\/2025\/12\/IMG_8851.jpg'><img decoding=\"async\" width=\"1235\" height=\"1741\" src=\"https:\/\/associationavenirs.fr\/wp-content\/uploads\/2025\/12\/IMG_8851.jpg\" class=\"attachment-full size-full\" alt=\"\" srcset=\"https:\/\/associationavenirs.fr\/wp-content\/uploads\/2025\/12\/IMG_8851.jpg 1235w, https:\/\/associationavenirs.fr\/wp-content\/uploads\/2025\/12\/IMG_8851-213x300.jpg 213w, https:\/\/associationavenirs.fr\/wp-content\/uploads\/2025\/12\/IMG_8851-726x1024.jpg 726w, https:\/\/associationavenirs.fr\/wp-content\/uploads\/2025\/12\/IMG_8851-768x1083.jpg 768w, https:\/\/associationavenirs.fr\/wp-content\/uploads\/2025\/12\/IMG_8851-1090x1536.jpg 1090w\" sizes=\"(max-width: 1235px) 100vw, 1235px\" \/><\/a>\n\t\t\t<\/div><\/figure><figure class='gallery-item'>\n\t\t\t<div class='gallery-icon portrait'>\n\t\t\t\t<a data-elementor-open-lightbox=\"yes\" data-elementor-lightbox-slideshow=\"77275b4a\" data-elementor-lightbox-title=\"Flyer \u00c9lodie Mars\" data-e-action-hash=\"#elementor-action%3Aaction%3Dlightbox%26settings%3DeyJpZCI6Mjg5NSwidXJsIjoiaHR0cHM6XC9cL2Fzc29jaWF0aW9uYXZlbmlycy5mclwvd3AtY29udGVudFwvdXBsb2Fkc1wvMjAyNlwvMDNcL0ZseWVyLUVsb2RpZS1NYXJzLmpwZyIsInNsaWRlc2hvdyI6Ijc3Mjc1YjRhIn0%3D\" href='https:\/\/associationavenirs.fr\/wp-content\/uploads\/2026\/03\/Flyer-Elodie-Mars.jpg'><img loading=\"lazy\" decoding=\"async\" width=\"886\" height=\"1240\" src=\"https:\/\/associationavenirs.fr\/wp-content\/uploads\/2026\/03\/Flyer-Elodie-Mars.jpg\" class=\"attachment-full size-full\" alt=\"\" srcset=\"https:\/\/associationavenirs.fr\/wp-content\/uploads\/2026\/03\/Flyer-Elodie-Mars.jpg 886w, https:\/\/associationavenirs.fr\/wp-content\/uploads\/2026\/03\/Flyer-Elodie-Mars-214x300.jpg 214w, https:\/\/associationavenirs.fr\/wp-content\/uploads\/2026\/03\/Flyer-Elodie-Mars-732x1024.jpg 732w, https:\/\/associationavenirs.fr\/wp-content\/uploads\/2026\/03\/Flyer-Elodie-Mars-768x1075.jpg 768w\" sizes=\"(max-width: 886px) 100vw, 886px\" \/><\/a>\n\t\t\t<\/div><\/figure><figure class='gallery-item'>\n\t\t\t<div class='gallery-icon portrait'>\n\t\t\t\t<a data-elementor-open-lightbox=\"yes\" data-elementor-lightbox-slideshow=\"77275b4a\" data-elementor-lightbox-title=\"Flyer-\u00c9lodie-Massage-Lymphatique-27-mars\" data-e-action-hash=\"#elementor-action%3Aaction%3Dlightbox%26settings%3DeyJpZCI6MjkzNywidXJsIjoiaHR0cHM6XC9cL2Fzc29jaWF0aW9uYXZlbmlycy5mclwvd3AtY29udGVudFwvdXBsb2Fkc1wvMjAyNlwvMDNcL0ZseWVyLUVsb2RpZS1NYXNzYWdlLUx5bXBoYXRpcXVlLTI3LW1hcnMuanBnIiwic2xpZGVzaG93IjoiNzcyNzViNGEifQ%3D%3D\" href='https:\/\/associationavenirs.fr\/wp-content\/uploads\/2026\/03\/Flyer-Elodie-Massage-Lymphatique-27-mars.jpg'><img loading=\"lazy\" decoding=\"async\" width=\"886\" height=\"1240\" src=\"https:\/\/associationavenirs.fr\/wp-content\/uploads\/2026\/03\/Flyer-Elodie-Massage-Lymphatique-27-mars.jpg\" class=\"attachment-full size-full\" alt=\"\" srcset=\"https:\/\/associationavenirs.fr\/wp-content\/uploads\/2026\/03\/Flyer-Elodie-Massage-Lymphatique-27-mars.jpg 886w, https:\/\/associationavenirs.fr\/wp-content\/uploads\/2026\/03\/Flyer-Elodie-Massage-Lymphatique-27-mars-214x300.jpg 214w, https:\/\/associationavenirs.fr\/wp-content\/uploads\/2026\/03\/Flyer-Elodie-Massage-Lymphatique-27-mars-732x1024.jpg 732w, https:\/\/associationavenirs.fr\/wp-content\/uploads\/2026\/03\/Flyer-Elodie-Massage-Lymphatique-27-mars-768x1075.jpg 768w\" sizes=\"(max-width: 886px) 100vw, 886px\" \/><\/a>\n\t\t\t<\/div><\/figure>\n\t\t<\/div>\n\t\t<\/div>\n\t\t\t\t\t\t<\/div>\n\t\t\t\t<\/div>\n\t\t\t\t\t<\/div>\n\t\t\t\t<\/div>\n\t\t<div class=\"elementor-element elementor-element-3ec95978 e-flex e-con-boxed e-con e-parent\" data-id=\"3ec95978\" data-element_type=\"container\" data-e-type=\"container\">\n\t\t\t\t\t<div class=\"e-con-inner\">\n\t\t\t\t<div class=\"elementor-element elementor-element-43a69eac elementor-widget elementor-widget-spacer\" data-id=\"43a69eac\" data-element_type=\"widget\" data-e-type=\"widget\" data-widget_type=\"spacer.default\">\n\t\t\t\t<div class=\"elementor-widget-container\">\n\t\t\t\t\t\t\t<div class=\"elementor-spacer\">\n\t\t\t<div class=\"elementor-spacer-inner\"><\/div>\n\t\t<\/div>\n\t\t\t\t\t\t<\/div>\n\t\t\t\t<\/div>\n\t\t\t\t\t<\/div>\n\t\t\t\t<\/div>\n\t\t\t\t<\/div>\n\t\t","protected":false},"excerpt":{"rendered":"<p>Sur rendez-vous aupr\u00e8s de l&rsquo;intervenant Planification des ateliers, coordonn\u00e9es des prestataires, partenaires et b\u00e9n\u00e9voles. Pour prendre rendez-vous, veuillez les contacter par message, pr\u00e9f\u00e9rentiellement, et ils vous rappelleront ensuite.<\/p>\n","protected":false},"author":1,"featured_media":0,"parent":0,"menu_order":0,"comment_status":"closed","ping_status":"closed","template":"","meta":{"_acf_changed":false,"footnotes":""},"class_list":["post-1938","page","type-page","status-publish","hentry"],"acf":[],"aioseo_notices":[],"_links":{"self":[{"href":"https:\/\/associationavenirs.fr\/index.php\/wp-json\/wp\/v2\/pages\/1938","targetHints":{"allow":["GET"]}}],"collection":[{"href":"https:\/\/associationavenirs.fr\/index.php\/wp-json\/wp\/v2\/pages"}],"about":[{"href":"https:\/\/associationavenirs.fr\/index.php\/wp-json\/wp\/v2\/types\/page"}],"author":[{"embeddable":true,"href":"https:\/\/associationavenirs.fr\/index.php\/wp-json\/wp\/v2\/users\/1"}],"replies":[{"embeddable":true,"href":"https:\/\/associationavenirs.fr\/index.php\/wp-json\/wp\/v2\/comments?post=1938"}],"version-history":[{"count":30,"href":"https:\/\/associationavenirs.fr\/index.php\/wp-json\/wp\/v2\/pages\/1938\/revisions"}],"predecessor-version":[{"id":2943,"href":"https:\/\/associationavenirs.fr\/index.php\/wp-json\/wp\/v2\/pages\/1938\/revisions\/2943"}],"wp:attachment":[{"href":"https:\/\/associationavenirs.fr\/index.php\/wp-json\/wp\/v2\/media?parent=1938"}],"curies":[{"name":"wp","href":"https:\/\/api.w.org\/{rel}","templated":true}]}}