{"id":2014,"date":"2025-01-20T22:40:30","date_gmt":"2025-01-20T21:40:30","guid":{"rendered":"https:\/\/associationavenirs.fr\/?page_id=2014"},"modified":"2026-03-06T12:25:41","modified_gmt":"2026-03-06T11:25:41","slug":"mai","status":"publish","type":"page","link":"https:\/\/associationavenirs.fr\/index.php\/mai\/","title":{"rendered":"Mai"},"content":{"rendered":"\t\t<div data-elementor-type=\"wp-page\" data-elementor-id=\"2014\" class=\"elementor elementor-2014\">\n\t\t\t\t<div class=\"elementor-element elementor-element-23f195c e-flex e-con-boxed e-con e-parent\" data-id=\"23f195c\" data-element_type=\"container\" data-e-type=\"container\">\n\t\t\t\t\t<div class=\"e-con-inner\">\n\t\t<div class=\"elementor-element elementor-element-4f9a7893 e-con-full e-flex elementor-invisible e-con e-child\" data-id=\"4f9a7893\" data-element_type=\"container\" data-e-type=\"container\" data-settings=\"{&quot;animation&quot;:&quot;fadeInDown&quot;}\">\n\t\t\t\t<div class=\"elementor-element elementor-element-6cb192f5 elementor-widget elementor-widget-spacer\" data-id=\"6cb192f5\" data-element_type=\"widget\" data-e-type=\"widget\" data-widget_type=\"spacer.default\">\n\t\t\t\t<div class=\"elementor-widget-container\">\n\t\t\t\t\t\t\t<div class=\"elementor-spacer\">\n\t\t\t<div class=\"elementor-spacer-inner\"><\/div>\n\t\t<\/div>\n\t\t\t\t\t\t<\/div>\n\t\t\t\t<\/div>\n\t\t\t\t<div class=\"elementor-element elementor-element-2b29b6be elementor-widget elementor-widget-text-editor\" data-id=\"2b29b6be\" data-element_type=\"widget\" data-e-type=\"widget\" data-widget_type=\"text-editor.default\">\n\t\t\t\t<div class=\"elementor-widget-container\">\n\t\t\t\t\t\t\t\t\t<h4 style=\"text-align: center;\"><span style=\"color: #df0054;\">Sur rendez-vous aupr\u00e8s de l&rsquo;intervenant <\/span><\/h4><p style=\"text-align: center;\"><span style=\"color: #000000;\">Planification des ateliers, coordonn\u00e9es des prestataires, partenaires et b\u00e9n\u00e9voles.<\/span><\/p><p style=\"text-align: center;\"><span style=\"color: #000000;\">Pour prendre rendez-vous, veuillez les contacter par message, pr\u00e9f\u00e9rentiellement, et ils vous rappelleront ensuite.<\/span><\/p>\t\t\t\t\t\t\t\t<\/div>\n\t\t\t\t<\/div>\n\t\t\t\t<div class=\"elementor-element elementor-element-4add5501 elementor-widget elementor-widget-spacer\" data-id=\"4add5501\" data-element_type=\"widget\" data-e-type=\"widget\" data-widget_type=\"spacer.default\">\n\t\t\t\t<div class=\"elementor-widget-container\">\n\t\t\t\t\t\t\t<div class=\"elementor-spacer\">\n\t\t\t<div class=\"elementor-spacer-inner\"><\/div>\n\t\t<\/div>\n\t\t\t\t\t\t<\/div>\n\t\t\t\t<\/div>\n\t\t\t\t<\/div>\n\t\t\t\t<div class=\"elementor-element elementor-element-26e6676b elementor-invisible elementor-widget elementor-widget-image-gallery\" data-id=\"26e6676b\" data-element_type=\"widget\" data-e-type=\"widget\" data-settings=\"{&quot;_animation&quot;:&quot;fadeInUp&quot;}\" data-widget_type=\"image-gallery.default\">\n\t\t\t\t<div class=\"elementor-widget-container\">\n\t\t\t\t\t\t\t<div class=\"elementor-image-gallery\">\n\t\t\t<div id='gallery-1' class='gallery galleryid-2014 gallery-columns-2 gallery-size-full'><figure class='gallery-item'>\n\t\t\t<div class='gallery-icon portrait'>\n\t\t\t\t<a data-elementor-open-lightbox=\"yes\" data-elementor-lightbox-slideshow=\"26e6676b\" data-elementor-lightbox-title=\"Flyer \u00c9lodie Mai\" data-e-action-hash=\"#elementor-action%3Aaction%3Dlightbox%26settings%3DeyJpZCI6MjkwNiwidXJsIjoiaHR0cHM6XC9cL2Fzc29jaWF0aW9uYXZlbmlycy5mclwvd3AtY29udGVudFwvdXBsb2Fkc1wvMjAyNlwvMDNcL0ZseWVyLUVsb2RpZS1NYWkuanBnIiwic2xpZGVzaG93IjoiMjZlNjY3NmIifQ%3D%3D\" href='https:\/\/associationavenirs.fr\/wp-content\/uploads\/2026\/03\/Flyer-Elodie-Mai.jpg'><img fetchpriority=\"high\" decoding=\"async\" width=\"886\" height=\"1240\" src=\"https:\/\/associationavenirs.fr\/wp-content\/uploads\/2026\/03\/Flyer-Elodie-Mai.jpg\" class=\"attachment-full size-full\" alt=\"\" srcset=\"https:\/\/associationavenirs.fr\/wp-content\/uploads\/2026\/03\/Flyer-Elodie-Mai.jpg 886w, https:\/\/associationavenirs.fr\/wp-content\/uploads\/2026\/03\/Flyer-Elodie-Mai-214x300.jpg 214w, https:\/\/associationavenirs.fr\/wp-content\/uploads\/2026\/03\/Flyer-Elodie-Mai-732x1024.jpg 732w, https:\/\/associationavenirs.fr\/wp-content\/uploads\/2026\/03\/Flyer-Elodie-Mai-768x1075.jpg 768w\" sizes=\"(max-width: 886px) 100vw, 886px\" \/><\/a>\n\t\t\t<\/div><\/figure><figure class='gallery-item'>\n\t\t\t<div class='gallery-icon portrait'>\n\t\t\t\t<a data-elementor-open-lightbox=\"yes\" data-elementor-lightbox-slideshow=\"26e6676b\" data-elementor-lightbox-title=\"Morgane-Mai\" data-e-action-hash=\"#elementor-action%3Aaction%3Dlightbox%26settings%3DeyJpZCI6Mjg4NSwidXJsIjoiaHR0cHM6XC9cL2Fzc29jaWF0aW9uYXZlbmlycy5mclwvd3AtY29udGVudFwvdXBsb2Fkc1wvMjAyNlwvMDJcL01vcmdhbmUtTWFpLmpwZyIsInNsaWRlc2hvdyI6IjI2ZTY2NzZiIn0%3D\" href='https:\/\/associationavenirs.fr\/wp-content\/uploads\/2026\/02\/Morgane-Mai.jpg'><img decoding=\"async\" width=\"1219\" height=\"1721\" src=\"https:\/\/associationavenirs.fr\/wp-content\/uploads\/2026\/02\/Morgane-Mai.jpg\" class=\"attachment-full size-full\" alt=\"\" srcset=\"https:\/\/associationavenirs.fr\/wp-content\/uploads\/2026\/02\/Morgane-Mai.jpg 1219w, https:\/\/associationavenirs.fr\/wp-content\/uploads\/2026\/02\/Morgane-Mai-212x300.jpg 212w, https:\/\/associationavenirs.fr\/wp-content\/uploads\/2026\/02\/Morgane-Mai-725x1024.jpg 725w, https:\/\/associationavenirs.fr\/wp-content\/uploads\/2026\/02\/Morgane-Mai-768x1084.jpg 768w, https:\/\/associationavenirs.fr\/wp-content\/uploads\/2026\/02\/Morgane-Mai-1088x1536.jpg 1088w\" sizes=\"(max-width: 1219px) 100vw, 1219px\" \/><\/a>\n\t\t\t<\/div><\/figure>\n\t\t<\/div>\n\t\t<\/div>\n\t\t\t\t\t\t<\/div>\n\t\t\t\t<\/div>\n\t\t\t\t\t<\/div>\n\t\t\t\t<\/div>\n\t\t<div class=\"elementor-element elementor-element-30f78b0d e-flex e-con-boxed e-con e-parent\" data-id=\"30f78b0d\" data-element_type=\"container\" data-e-type=\"container\">\n\t\t\t\t\t<div class=\"e-con-inner\">\n\t\t\t\t<div class=\"elementor-element elementor-element-194ddbac elementor-widget elementor-widget-spacer\" data-id=\"194ddbac\" data-element_type=\"widget\" data-e-type=\"widget\" data-widget_type=\"spacer.default\">\n\t\t\t\t<div class=\"elementor-widget-container\">\n\t\t\t\t\t\t\t<div class=\"elementor-spacer\">\n\t\t\t<div class=\"elementor-spacer-inner\"><\/div>\n\t\t<\/div>\n\t\t\t\t\t\t<\/div>\n\t\t\t\t<\/div>\n\t\t\t\t\t<\/div>\n\t\t\t\t<\/div>\n\t\t\t\t<\/div>\n\t\t","protected":false},"excerpt":{"rendered":"<p>Sur rendez-vous aupr\u00e8s de l&rsquo;intervenant Planification des ateliers, coordonn\u00e9es des prestataires, partenaires et b\u00e9n\u00e9voles. Pour prendre rendez-vous, veuillez les contacter par message, pr\u00e9f\u00e9rentiellement, et ils vous rappelleront ensuite.<\/p>\n","protected":false},"author":1,"featured_media":0,"parent":0,"menu_order":0,"comment_status":"closed","ping_status":"closed","template":"","meta":{"_acf_changed":false,"footnotes":""},"class_list":["post-2014","page","type-page","status-publish","hentry"],"acf":[],"aioseo_notices":[],"_links":{"self":[{"href":"https:\/\/associationavenirs.fr\/index.php\/wp-json\/wp\/v2\/pages\/2014","targetHints":{"allow":["GET"]}}],"collection":[{"href":"https:\/\/associationavenirs.fr\/index.php\/wp-json\/wp\/v2\/pages"}],"about":[{"href":"https:\/\/associationavenirs.fr\/index.php\/wp-json\/wp\/v2\/types\/page"}],"author":[{"embeddable":true,"href":"https:\/\/associationavenirs.fr\/index.php\/wp-json\/wp\/v2\/users\/1"}],"replies":[{"embeddable":true,"href":"https:\/\/associationavenirs.fr\/index.php\/wp-json\/wp\/v2\/comments?post=2014"}],"version-history":[{"count":19,"href":"https:\/\/associationavenirs.fr\/index.php\/wp-json\/wp\/v2\/pages\/2014\/revisions"}],"predecessor-version":[{"id":2909,"href":"https:\/\/associationavenirs.fr\/index.php\/wp-json\/wp\/v2\/pages\/2014\/revisions\/2909"}],"wp:attachment":[{"href":"https:\/\/associationavenirs.fr\/index.php\/wp-json\/wp\/v2\/media?parent=2014"}],"curies":[{"name":"wp","href":"https:\/\/api.w.org\/{rel}","templated":true}]}}